{"id":6052,"date":"2015-01-15T10:40:20","date_gmt":"2015-01-15T10:40:20","guid":{"rendered":"https:\/\/tortoisepassion.ca\/a-propos\/"},"modified":"2024-03-28T18:32:48","modified_gmt":"2024-03-28T18:32:48","slug":"a-propos","status":"publish","type":"page","link":"https:\/\/tortoisepassion.ca\/fr\/a-propos\/","title":{"rendered":"A propos"},"content":{"rendered":"<style type=\"text\/css\"> \n#cmsms_row_69e2fa8fa58693_96857139 { \n\tbackground-color:#faf9f7; background-color:rgba(250, 249, 247, 1);\n} \n\n#cmsms_row_69e2fa8fa58693_96857139 .cmsms_row_outer_parent { \n\tpadding-top: 40px; \n} \n\n#cmsms_row_69e2fa8fa58693_96857139 .cmsms_row_outer_parent { \n\tpadding-bottom: 50px; \n} \n\n \n#cmsms_heading_69e2fa8fa597f5_46152796 { \n\ttext-align:left; \n\tmargin-top:0px; \n\tmargin-bottom:0px; \n} \n\n#cmsms_heading_69e2fa8fa597f5_46152796 .cmsms_heading { \n\ttext-align:left; \n} \n\n#cmsms_heading_69e2fa8fa597f5_46152796 .cmsms_heading, #cmsms_heading_69e2fa8fa597f5_46152796 .cmsms_heading a { \n\tfont-weight:bold; \n\tfont-style:normal; \n} \n\n#cmsms_heading_69e2fa8fa597f5_46152796 .cmsms_heading_divider { \n} \n\n \n#cmsms_row_69e2fa8fa59de2_85002620 .cmsms_row_outer_parent { \n\tpadding-top: 40px; \n} \n\n#cmsms_row_69e2fa8fa59de2_85002620 .cmsms_row_outer_parent { \n\tpadding-bottom: 50px; \n} \n\n \n#cmsms_row_69e2fa8fa5b796_44525917 { \n\tbackground-color:#faf9f7; background-color:rgba(250, 249, 247, 1);\n} \n\n#cmsms_row_69e2fa8fa5b796_44525917 .cmsms_row_outer_parent { \n\tpadding-top: 40px; \n} \n\n#cmsms_row_69e2fa8fa5b796_44525917 .cmsms_row_outer_parent { \n\tpadding-bottom: 50px; \n} \n\n \n#cmsms_heading_69e2fa8fa5c689_70186611 { \n\ttext-align:left; \n\tmargin-top:0px; \n\tmargin-bottom:20px; \n} \n\n#cmsms_heading_69e2fa8fa5c689_70186611 .cmsms_heading { \n\ttext-align:left; \n} \n\n#cmsms_heading_69e2fa8fa5c689_70186611 .cmsms_heading, #cmsms_heading_69e2fa8fa5c689_70186611 .cmsms_heading a { \n\tfont-weight:bold; \n\tfont-style:normal; \n} \n\n#cmsms_heading_69e2fa8fa5c689_70186611 .cmsms_heading_divider { \n} \n\n \n#cmsms_row_69e2fa8fa5caf7_97036047 .cmsms_row_outer_parent { \n\tpadding-top: 40px; \n} \n\n#cmsms_row_69e2fa8fa5caf7_97036047 .cmsms_row_outer_parent { \n\tpadding-bottom: 50px; \n} \n\n<\/style><div id=\"cmsms_row_69e2fa8fa58693_96857139\" class=\"cmsms_row cmsms_color_scheme_default\">\n<div class=\"cmsms_row_outer_parent\">\n<div class=\"cmsms_row_outer\">\n<div class=\"cmsms_row_inner\">\n<div class=\"cmsms_row_margin\">\n<div class=\"cmsms_column one_first\">\n\n<div id=\"cmsms_heading_69e2fa8fa597f5_46152796\" class=\"cmsms_heading_wrap cmsms_heading_align_left\">\n\t<h3 class=\"cmsms_heading\">L&rsquo;\u00e9leveur &#8211; Yannick<\/h3>\n<\/div>\n<\/div>\n<\/div>\n<\/div>\n<\/div>\n<\/div>\n<\/div>\n<div id=\"cmsms_row_69e2fa8fa59de2_85002620\" class=\"cmsms_row cmsms_color_scheme_default\">\n<div class=\"cmsms_row_outer_parent\">\n<div class=\"cmsms_row_outer\">\n<div class=\"cmsms_row_inner\">\n<div class=\"cmsms_row_margin\">\n<div class=\"cmsms_column one_first\">\n<div class=\"cmsms_text\">\n<div dir=\"ltr\">\n<div dir=\"ltr\">\n<div dir=\"ltr\">\n<p style=\"text-align: left;\">N\u00e9 dans <span class=\"il\">le<\/span> Bas St-Laurent \u00e0 Trois-Pistoles, Qu\u00e9bec, Canada<br \/>\nJ&rsquo;ai toujours eu une passion pour tous les aspects de la nature&#8230; M\u00eame si le climat <span class=\"il\">du<\/span> Bas St-Laurent est un peu rude, la v\u00e9g\u00e9tation et la faune adapt\u00e9es au froid sont tr\u00e8s riches&#8230;<\/p>\n<p style=\"text-align: left;\">D\u00e8s mon plus jeune \u00e2ge, en regardant des s\u00e9ries t\u00e9l\u00e9vis\u00e9es et en lisant des livres pour enfants, j&rsquo;ai toujours eu un faible pour les esp\u00e8ces exotiques de plantes et d&rsquo;animaux provenant de pays lointains, presque hors de port\u00e9e dans mes r\u00eaves d&rsquo;enfant.<\/p>\n<p style=\"text-align: left;\">D\u00e8s l&rsquo;\u00e2ge de 5 ans, j&rsquo;ai commenc\u00e9 \u00e0 collecter des boutures de plantes aupr\u00e8s de ma famille, de mes amis et de mes voisins.<\/p>\n<p style=\"text-align: left;\">Les animaux exotiques \u00e9taient pratiquement hors de port\u00e9e \u00e0 l&rsquo;\u00e9poque, \u00e0 l&rsquo;exception de ces \u00e9tonnantes petites tortues vertes que l&rsquo;on trouvait dans le magasin 5 &amp; Dime de mon quartier ! J&rsquo;\u00e9tais \u00e9merveill\u00e9e par ces magnifiques petites cr\u00e9atures ! Mais \u00e0 mon grand d\u00e9sarroi, elles mouraient. \u00c0 <span class=\"il\">l&rsquo;<\/span>\u00e9poque, dans <span class=\"il\">les<\/span> ann\u00e9es 1970, personne ne savait comment les faire survivre.<\/p>\n<p style=\"text-align: left;\">Soudain, ils n&rsquo;\u00e9taient plus disponibles ! Je ne pouvais donc plus garder ces superbes cr\u00e9atures qui \u00ab\u00a0transportaient leurs propres maisons\u00a0\u00bb ! C&rsquo;est aussi bien, car elles ne semblaient jamais prosp\u00e9rer&#8230;<\/p>\n<p style=\"text-align: left;\">Au d\u00e9but <span class=\"il\">des<\/span> ann\u00e9es 1990, j&rsquo;ai d\u00e9m\u00e9nag\u00e9 dans l&rsquo;ouest de l&rsquo;\u00eele de Montr\u00e9al et j&rsquo;ai d\u00e9couvert que certaines personnes \u00e9levaient des tortues, et ma passion de jeunesse a imm\u00e9diatement refait surface !<\/p>\n<p style=\"text-align: left;\">J&rsquo;ai commenc\u00e9 \u00e0 en garder quelques-unes comme animaux de compagnie. Gr\u00e2ce \u00e0 l&rsquo;abondance de nouvelles informations dans les magazines et les livres sur les reptiles et, plus tard, sur Internet, les garder en bonne sant\u00e9 et <span class=\"il\">les<\/span> faire prosp\u00e9rer n&rsquo;\u00e9taient plus un myst\u00e8re.<\/p>\n<p style=\"text-align: left;\">Au d\u00e9but <span class=\"il\">des<\/span> ann\u00e9es 2000, j&rsquo;ai achet\u00e9 une maison et j&rsquo;ai enfin eu assez d&rsquo;espace pour trouver des partenaires pour mon petit groupe d&rsquo;animaux de compagnie, et j&rsquo;ai commenc\u00e9 \u00e0 reproduire ces magnifiques animaux !<\/p>\n<\/div>\n<\/div>\n<\/div>\n<div dir=\"ltr\">\n<div dir=\"ltr\">\n<div dir=\"ltr\">\n<div>\n<p style=\"text-align: left;\">Et <span class=\"il\">le<\/span> reste appartient \u00e0 l&rsquo;histoire &#8230;. YG<\/p>\n<\/div>\n<\/div>\n<\/div>\n<\/div>\n<\/div>\n<\/div>\n<\/div>\n<\/div>\n<\/div>\n<\/div>\n<\/div>\n<div id=\"cmsms_row_69e2fa8fa5b796_44525917\" class=\"cmsms_row cmsms_color_scheme_default\">\n<div class=\"cmsms_row_outer_parent\">\n<div class=\"cmsms_row_outer\">\n<div class=\"cmsms_row_inner\">\n<div class=\"cmsms_row_margin\">\n<div class=\"cmsms_column one_first\">\n\n<div id=\"cmsms_heading_69e2fa8fa5c689_70186611\" class=\"cmsms_heading_wrap cmsms_heading_align_left\">\n\t<h3 class=\"cmsms_heading\">Notre but<\/h3>\n<\/div>\n<\/div>\n<\/div>\n<\/div>\n<\/div>\n<\/div>\n<\/div>\n<div id=\"cmsms_row_69e2fa8fa5caf7_97036047\" class=\"cmsms_row cmsms_color_scheme_default\">\n<div class=\"cmsms_row_outer_parent\">\n<div class=\"cmsms_row_outer\">\n<div class=\"cmsms_row_inner\">\n<div class=\"cmsms_row_margin\">\n<div class=\"cmsms_column one_first\">\n<div class=\"cmsms_text\">\n<p>Offrir de vrais b\u00e9b\u00e9s tortues et tortues \u00e9lev\u00e9s en captivit\u00e9 par des \u00e9leveurs d\u00e9vou\u00e9s. Nous esp\u00e9rons que cela contribuera \u00e0 mettre fin au trafic ill\u00e9gal de ces magnifiques cr\u00e9atures.<\/p>\n<p>Les tortues \u00e9lev\u00e9es en captivit\u00e9 sont mieux adapt\u00e9es \u00e0 la vie en captivit\u00e9 et n&rsquo;h\u00e9bergent pas les parasites ou les maladies associ\u00e9es aux animaux captur\u00e9s \u00e0 l&rsquo;\u00e9tat sauvage.<\/p>\n<p>Veillez \u00e0 acheter un b\u00e9b\u00e9 \u00e9lev\u00e9 en captivit\u00e9 aupr\u00e8s d&rsquo;une source r\u00e9put\u00e9e !<\/p>\n<\/div>\n<\/div>\n<\/div>\n<\/div>\n<\/div>\n<\/div>\n<\/div>\n\n","protected":false},"excerpt":{"rendered":"","protected":false},"author":1,"featured_media":0,"parent":0,"menu_order":0,"comment_status":"closed","ping_status":"closed","template":"","meta":{"footnotes":""},"class_list":["post-6052","page","type-page","status-publish","hentry"],"yoast_head":"<!-- This site is optimized with the Yoast SEO plugin v27.4 - https:\/\/yoast.com\/product\/yoast-seo-wordpress\/ -->\n<title>A propos - Tortoise Passion<\/title>\n<meta name=\"robots\" content=\"index, follow, max-snippet:-1, max-image-preview:large, max-video-preview:-1\" \/>\n<link rel=\"canonical\" href=\"https:\/\/tortoisepassion.ca\/fr\/a-propos\/\" \/>\n<meta property=\"og:locale\" content=\"fr_FR\" \/>\n<meta property=\"og:type\" content=\"article\" \/>\n<meta property=\"og:title\" content=\"A propos - Tortoise Passion\" \/>\n<meta property=\"og:url\" content=\"https:\/\/tortoisepassion.ca\/fr\/a-propos\/\" \/>\n<meta property=\"og:site_name\" content=\"Tortoise Passion\" \/>\n<meta property=\"article:modified_time\" content=\"2024-03-28T18:32:48+00:00\" \/>\n<meta name=\"twitter:card\" content=\"summary_large_image\" \/>\n<meta name=\"twitter:label1\" content=\"Dur\u00e9e de lecture estim\u00e9e\" \/>\n\t<meta name=\"twitter:data1\" content=\"2 minutes\" \/>\n<script type=\"application\/ld+json\" class=\"yoast-schema-graph\">{\"@context\":\"https:\\\/\\\/schema.org\",\"@graph\":[{\"@type\":\"WebPage\",\"@id\":\"https:\\\/\\\/tortoisepassion.ca\\\/fr\\\/a-propos\\\/\",\"url\":\"https:\\\/\\\/tortoisepassion.ca\\\/fr\\\/a-propos\\\/\",\"name\":\"A propos - Tortoise Passion\",\"isPartOf\":{\"@id\":\"\\\/#website\"},\"datePublished\":\"2015-01-15T10:40:20+00:00\",\"dateModified\":\"2024-03-28T18:32:48+00:00\",\"breadcrumb\":{\"@id\":\"https:\\\/\\\/tortoisepassion.ca\\\/fr\\\/a-propos\\\/#breadcrumb\"},\"inLanguage\":\"fr-FR\",\"potentialAction\":[{\"@type\":\"ReadAction\",\"target\":[\"https:\\\/\\\/tortoisepassion.ca\\\/fr\\\/a-propos\\\/\"]}]},{\"@type\":\"BreadcrumbList\",\"@id\":\"https:\\\/\\\/tortoisepassion.ca\\\/fr\\\/a-propos\\\/#breadcrumb\",\"itemListElement\":[{\"@type\":\"ListItem\",\"position\":1,\"name\":\"Home\",\"item\":\"https:\\\/\\\/tortoisepassion.ca\\\/fr\\\/\"},{\"@type\":\"ListItem\",\"position\":2,\"name\":\"A propos\"}]},{\"@type\":\"WebSite\",\"@id\":\"\\\/#website\",\"url\":\"\\\/\",\"name\":\"Tortoise Passion\",\"description\":\"\",\"potentialAction\":[{\"@type\":\"SearchAction\",\"target\":{\"@type\":\"EntryPoint\",\"urlTemplate\":\"\\\/?s={search_term_string}\"},\"query-input\":{\"@type\":\"PropertyValueSpecification\",\"valueRequired\":true,\"valueName\":\"search_term_string\"}}],\"inLanguage\":\"fr-FR\"}]}<\/script>\n<!-- \/ Yoast SEO plugin. -->","yoast_head_json":{"title":"A propos - Tortoise Passion","robots":{"index":"index","follow":"follow","max-snippet":"max-snippet:-1","max-image-preview":"max-image-preview:large","max-video-preview":"max-video-preview:-1"},"canonical":"https:\/\/tortoisepassion.ca\/fr\/a-propos\/","og_locale":"fr_FR","og_type":"article","og_title":"A propos - Tortoise Passion","og_url":"https:\/\/tortoisepassion.ca\/fr\/a-propos\/","og_site_name":"Tortoise Passion","article_modified_time":"2024-03-28T18:32:48+00:00","twitter_card":"summary_large_image","twitter_misc":{"Dur\u00e9e de lecture estim\u00e9e":"2 minutes"},"schema":{"@context":"https:\/\/schema.org","@graph":[{"@type":"WebPage","@id":"https:\/\/tortoisepassion.ca\/fr\/a-propos\/","url":"https:\/\/tortoisepassion.ca\/fr\/a-propos\/","name":"A propos - Tortoise Passion","isPartOf":{"@id":"\/#website"},"datePublished":"2015-01-15T10:40:20+00:00","dateModified":"2024-03-28T18:32:48+00:00","breadcrumb":{"@id":"https:\/\/tortoisepassion.ca\/fr\/a-propos\/#breadcrumb"},"inLanguage":"fr-FR","potentialAction":[{"@type":"ReadAction","target":["https:\/\/tortoisepassion.ca\/fr\/a-propos\/"]}]},{"@type":"BreadcrumbList","@id":"https:\/\/tortoisepassion.ca\/fr\/a-propos\/#breadcrumb","itemListElement":[{"@type":"ListItem","position":1,"name":"Home","item":"https:\/\/tortoisepassion.ca\/fr\/"},{"@type":"ListItem","position":2,"name":"A propos"}]},{"@type":"WebSite","@id":"\/#website","url":"\/","name":"Tortoise Passion","description":"","potentialAction":[{"@type":"SearchAction","target":{"@type":"EntryPoint","urlTemplate":"\/?s={search_term_string}"},"query-input":{"@type":"PropertyValueSpecification","valueRequired":true,"valueName":"search_term_string"}}],"inLanguage":"fr-FR"}]}},"_links":{"self":[{"href":"https:\/\/tortoisepassion.ca\/fr\/wp-json\/wp\/v2\/pages\/6052","targetHints":{"allow":["GET"]}}],"collection":[{"href":"https:\/\/tortoisepassion.ca\/fr\/wp-json\/wp\/v2\/pages"}],"about":[{"href":"https:\/\/tortoisepassion.ca\/fr\/wp-json\/wp\/v2\/types\/page"}],"author":[{"embeddable":true,"href":"https:\/\/tortoisepassion.ca\/fr\/wp-json\/wp\/v2\/users\/1"}],"replies":[{"embeddable":true,"href":"https:\/\/tortoisepassion.ca\/fr\/wp-json\/wp\/v2\/comments?post=6052"}],"version-history":[{"count":1,"href":"https:\/\/tortoisepassion.ca\/fr\/wp-json\/wp\/v2\/pages\/6052\/revisions"}],"predecessor-version":[{"id":6176,"href":"https:\/\/tortoisepassion.ca\/fr\/wp-json\/wp\/v2\/pages\/6052\/revisions\/6176"}],"wp:attachment":[{"href":"https:\/\/tortoisepassion.ca\/fr\/wp-json\/wp\/v2\/media?parent=6052"}],"curies":[{"name":"wp","href":"https:\/\/api.w.org\/{rel}","templated":true}]}}