{"id":6053,"date":"2020-09-07T12:30:57","date_gmt":"2020-09-07T12:30:57","guid":{"rendered":"https:\/\/tortoisepassion.ca\/paiements-prix-expedition-conditions-generales-de-vente\/"},"modified":"2024-04-25T13:59:34","modified_gmt":"2024-04-25T13:59:34","slug":"paiements-prix-expedition-conditions-generales-de-vente","status":"publish","type":"page","link":"https:\/\/tortoisepassion.ca\/fr\/paiements-prix-expedition-conditions-generales-de-vente\/","title":{"rendered":"Paiement et Termes"},"content":{"rendered":"<style type=\"text\/css\"> \n#cmsms_row_69e2fc96370121_27526947 { \n\tbackground-color:#faf9f7; background-color:rgba(250, 249, 247, 1);\n} \n\n#cmsms_row_69e2fc96370121_27526947 .cmsms_row_outer_parent { \n\tpadding-top: 40px; \n} \n\n#cmsms_row_69e2fc96370121_27526947 .cmsms_row_outer_parent { \n\tpadding-bottom: 50px; \n} \n\n \n#cmsms_row_69e2fc96370d14_56482375 .cmsms_row_outer_parent { \n\tpadding-top: 40px; \n} \n\n#cmsms_row_69e2fc96370d14_56482375 .cmsms_row_outer_parent { \n\tpadding-bottom: 50px; \n} \n\n<\/style><div id=\"cmsms_row_69e2fc96370121_27526947\" class=\"cmsms_row cmsms_color_scheme_default\">\n<div class=\"cmsms_row_outer_parent\">\n<div class=\"cmsms_row_outer\">\n<div class=\"cmsms_row_inner\">\n<div class=\"cmsms_row_margin\">\n<div class=\"cmsms_column one_first\">\n<\/div>\n<\/div>\n<\/div>\n<\/div>\n<\/div>\n<\/div>\n<div id=\"cmsms_row_69e2fc96370d14_56482375\" class=\"cmsms_row cmsms_color_scheme_default\">\n<div class=\"cmsms_row_outer_parent\">\n<div class=\"cmsms_row_outer\">\n<div class=\"cmsms_row_inner\">\n<div class=\"cmsms_row_margin\">\n<div class=\"cmsms_column one_first\">\n<div class=\"cmsms_text\">\n<h4>Paiements et tarifs<\/h4>\n<p>Le paiement par transfert d&rsquo;argent par courriel est pr\u00e9f\u00e9rable, car il n&rsquo;y a pas de frais, ou des frais minimes. PayPal est \u00e9galement accept\u00e9 &#8211; Ajoutez 3% au prix.<\/p>\n<p>es prix varient, mais voici un guide rapide, en fonction de l&rsquo;esp\u00e8ce :<\/p>\n<p>$ &#8211; 350 \u00e0 500<br \/>\n$$ &#8211; 500 \u00e0 1000<br \/>\n$$$ &#8211; $1000 \u00e0 $2000<br \/>\n$$$$ &#8211; $2000 +<\/p>\n<h4>Exp\u00e9dition &#8211; au Canada seulement<\/h4>\n<p>Exp\u00e9dition \u00e0 travers le Canada en utilisant Reptile Express. Le prix varie g\u00e9n\u00e9ralement entre 90 $ et 180 $, y compris l&#8217;emballage approuv\u00e9, les coussins chauffants et les recommandations de Reptile Express bas\u00e9es sur les conditions m\u00e9t\u00e9orologiques \u00e0 travers le pays, sp\u00e9cifiques au jour de l&rsquo;exp\u00e9dition.<\/p>\n<p>Les clients sont responsables de conna\u00eetre les r\u00e8glements locaux de leur ville et les restrictions provinciales.<\/p>\n<p>Un d\u00e9p\u00f4t est requis avant de r\u00e9server l&rsquo;exp\u00e9dition. Les envois effectu\u00e9s les lundis, mardis et mercredis sont livr\u00e9s le lendemain par FedEx.<\/p>\n<p><img loading=\"lazy\" decoding=\"async\" class=\"size-medium wp-image-5569 aligncenter\" src=\"http:\/\/tortoisepassion.ca\/wp-content\/uploads\/2020\/09\/unnamed-9-300x111.png\" alt=\"\" width=\"300\" height=\"111\" srcset=\"https:\/\/tortoisepassion.ca\/wp-content\/uploads\/2020\/09\/unnamed-9-300x111.png 300w, https:\/\/tortoisepassion.ca\/wp-content\/uploads\/2020\/09\/unnamed-9.png 358w\" sizes=\"auto, (max-width: 300px) 100vw, 300px\" \/><\/p>\n<h4>Conditions g\u00e9n\u00e9rales de vente<\/h4>\n<p>V\u00e9rifiez avec nous la disponibilit\u00e9 des b\u00e9b\u00e9s de l&rsquo;esp\u00e8ce qui vous int\u00e9resse.<\/p>\n<p>S&rsquo;ils ne sont pas disponibles pour le moment, nous pouvons mettre votre nom sur une liste d&rsquo;attente pour l&rsquo;esp\u00e8ce qui vous int\u00e9resse.<\/p>\n<p>Nous ne produisons que quelques b\u00e9b\u00e9s de chaque esp\u00e8ce chaque ann\u00e9e&#8230; Certaines ann\u00e9es sont meilleures que d&rsquo;autres. Apr\u00e8s tout, ce sont mes propres animaux de compagnie ! Et lorsqu&rsquo;il s&rsquo;agit de reproduction, la tortue ne gagne pas la course contre le li\u00e8vre&#8230;.<\/p>\n<p>Lorsqu&rsquo;un b\u00e9b\u00e9 est disponible, vous pouvez le r\u00e9server en envoyant un d\u00e9p\u00f4t. D\u00e8s r\u00e9ception du d\u00e9p\u00f4t nous v\u00e9rifierons les dates de livraison disponibles aupr\u00e8s de Reptile Express et d\u00e9ciderons du meilleur moment pour recevoir votre b\u00e9b\u00e9. Reptile Express peut annuler et reprogrammer les livraisons en fonction des conditions m\u00e9t\u00e9orologiques pr\u00e9vues ou des retards de transport li\u00e9s aux conditions m\u00e9t\u00e9orologiques.<\/p>\n<p>Le paiement total doit \u00eatre effectu\u00e9 au moins un jour avant la date de livraison de votre b\u00e9b\u00e9.<\/p>\n<\/div>\n<div class=\"cmsms_text\">\n<\/div>\n<\/div>\n<\/div>\n<\/div>\n<\/div>\n<\/div>\n<\/div>\n\n","protected":false},"excerpt":{"rendered":"","protected":false},"author":1,"featured_media":0,"parent":0,"menu_order":0,"comment_status":"closed","ping_status":"closed","template":"","meta":{"footnotes":""},"class_list":["post-6053","page","type-page","status-publish","hentry"],"yoast_head":"<!-- This site is optimized with the Yoast SEO plugin v27.4 - https:\/\/yoast.com\/product\/yoast-seo-wordpress\/ -->\n<title>Paiement et Termes - Tortoise Passion<\/title>\n<meta name=\"robots\" content=\"index, follow, max-snippet:-1, max-image-preview:large, max-video-preview:-1\" \/>\n<link rel=\"canonical\" href=\"https:\/\/tortoisepassion.ca\/fr\/paiements-prix-expedition-conditions-generales-de-vente\/\" \/>\n<meta property=\"og:locale\" content=\"fr_FR\" \/>\n<meta property=\"og:type\" content=\"article\" \/>\n<meta property=\"og:title\" content=\"Paiement et Termes - Tortoise Passion\" \/>\n<meta property=\"og:url\" content=\"https:\/\/tortoisepassion.ca\/fr\/paiements-prix-expedition-conditions-generales-de-vente\/\" \/>\n<meta property=\"og:site_name\" content=\"Tortoise Passion\" \/>\n<meta property=\"article:modified_time\" content=\"2024-04-25T13:59:34+00:00\" \/>\n<meta property=\"og:image\" content=\"http:\/\/tortoisepassion.ca\/wp-content\/uploads\/2020\/09\/unnamed-9-300x111.png\" \/>\n<meta name=\"twitter:card\" content=\"summary_large_image\" \/>\n<meta name=\"twitter:label1\" content=\"Dur\u00e9e de lecture estim\u00e9e\" \/>\n\t<meta name=\"twitter:data1\" content=\"2 minutes\" \/>\n<script type=\"application\/ld+json\" class=\"yoast-schema-graph\">{\"@context\":\"https:\\\/\\\/schema.org\",\"@graph\":[{\"@type\":\"WebPage\",\"@id\":\"https:\\\/\\\/tortoisepassion.ca\\\/fr\\\/paiements-prix-expedition-conditions-generales-de-vente\\\/\",\"url\":\"https:\\\/\\\/tortoisepassion.ca\\\/fr\\\/paiements-prix-expedition-conditions-generales-de-vente\\\/\",\"name\":\"Paiement et Termes - Tortoise Passion\",\"isPartOf\":{\"@id\":\"\\\/#website\"},\"primaryImageOfPage\":{\"@id\":\"https:\\\/\\\/tortoisepassion.ca\\\/fr\\\/paiements-prix-expedition-conditions-generales-de-vente\\\/#primaryimage\"},\"image\":{\"@id\":\"https:\\\/\\\/tortoisepassion.ca\\\/fr\\\/paiements-prix-expedition-conditions-generales-de-vente\\\/#primaryimage\"},\"thumbnailUrl\":\"http:\\\/\\\/tortoisepassion.ca\\\/wp-content\\\/uploads\\\/2020\\\/09\\\/unnamed-9-300x111.png\",\"datePublished\":\"2020-09-07T12:30:57+00:00\",\"dateModified\":\"2024-04-25T13:59:34+00:00\",\"breadcrumb\":{\"@id\":\"https:\\\/\\\/tortoisepassion.ca\\\/fr\\\/paiements-prix-expedition-conditions-generales-de-vente\\\/#breadcrumb\"},\"inLanguage\":\"fr-FR\",\"potentialAction\":[{\"@type\":\"ReadAction\",\"target\":[\"https:\\\/\\\/tortoisepassion.ca\\\/fr\\\/paiements-prix-expedition-conditions-generales-de-vente\\\/\"]}]},{\"@type\":\"ImageObject\",\"inLanguage\":\"fr-FR\",\"@id\":\"https:\\\/\\\/tortoisepassion.ca\\\/fr\\\/paiements-prix-expedition-conditions-generales-de-vente\\\/#primaryimage\",\"url\":\"http:\\\/\\\/tortoisepassion.ca\\\/wp-content\\\/uploads\\\/2020\\\/09\\\/unnamed-9-300x111.png\",\"contentUrl\":\"http:\\\/\\\/tortoisepassion.ca\\\/wp-content\\\/uploads\\\/2020\\\/09\\\/unnamed-9-300x111.png\"},{\"@type\":\"BreadcrumbList\",\"@id\":\"https:\\\/\\\/tortoisepassion.ca\\\/fr\\\/paiements-prix-expedition-conditions-generales-de-vente\\\/#breadcrumb\",\"itemListElement\":[{\"@type\":\"ListItem\",\"position\":1,\"name\":\"Home\",\"item\":\"https:\\\/\\\/tortoisepassion.ca\\\/fr\\\/\"},{\"@type\":\"ListItem\",\"position\":2,\"name\":\"Paiement et Termes\"}]},{\"@type\":\"WebSite\",\"@id\":\"\\\/#website\",\"url\":\"\\\/\",\"name\":\"Tortoise Passion\",\"description\":\"\",\"potentialAction\":[{\"@type\":\"SearchAction\",\"target\":{\"@type\":\"EntryPoint\",\"urlTemplate\":\"\\\/?s={search_term_string}\"},\"query-input\":{\"@type\":\"PropertyValueSpecification\",\"valueRequired\":true,\"valueName\":\"search_term_string\"}}],\"inLanguage\":\"fr-FR\"}]}<\/script>\n<!-- \/ Yoast SEO plugin. -->","yoast_head_json":{"title":"Paiement et Termes - Tortoise Passion","robots":{"index":"index","follow":"follow","max-snippet":"max-snippet:-1","max-image-preview":"max-image-preview:large","max-video-preview":"max-video-preview:-1"},"canonical":"https:\/\/tortoisepassion.ca\/fr\/paiements-prix-expedition-conditions-generales-de-vente\/","og_locale":"fr_FR","og_type":"article","og_title":"Paiement et Termes - Tortoise Passion","og_url":"https:\/\/tortoisepassion.ca\/fr\/paiements-prix-expedition-conditions-generales-de-vente\/","og_site_name":"Tortoise Passion","article_modified_time":"2024-04-25T13:59:34+00:00","og_image":[{"url":"http:\/\/tortoisepassion.ca\/wp-content\/uploads\/2020\/09\/unnamed-9-300x111.png","type":"","width":"","height":""}],"twitter_card":"summary_large_image","twitter_misc":{"Dur\u00e9e de lecture estim\u00e9e":"2 minutes"},"schema":{"@context":"https:\/\/schema.org","@graph":[{"@type":"WebPage","@id":"https:\/\/tortoisepassion.ca\/fr\/paiements-prix-expedition-conditions-generales-de-vente\/","url":"https:\/\/tortoisepassion.ca\/fr\/paiements-prix-expedition-conditions-generales-de-vente\/","name":"Paiement et Termes - Tortoise Passion","isPartOf":{"@id":"\/#website"},"primaryImageOfPage":{"@id":"https:\/\/tortoisepassion.ca\/fr\/paiements-prix-expedition-conditions-generales-de-vente\/#primaryimage"},"image":{"@id":"https:\/\/tortoisepassion.ca\/fr\/paiements-prix-expedition-conditions-generales-de-vente\/#primaryimage"},"thumbnailUrl":"http:\/\/tortoisepassion.ca\/wp-content\/uploads\/2020\/09\/unnamed-9-300x111.png","datePublished":"2020-09-07T12:30:57+00:00","dateModified":"2024-04-25T13:59:34+00:00","breadcrumb":{"@id":"https:\/\/tortoisepassion.ca\/fr\/paiements-prix-expedition-conditions-generales-de-vente\/#breadcrumb"},"inLanguage":"fr-FR","potentialAction":[{"@type":"ReadAction","target":["https:\/\/tortoisepassion.ca\/fr\/paiements-prix-expedition-conditions-generales-de-vente\/"]}]},{"@type":"ImageObject","inLanguage":"fr-FR","@id":"https:\/\/tortoisepassion.ca\/fr\/paiements-prix-expedition-conditions-generales-de-vente\/#primaryimage","url":"http:\/\/tortoisepassion.ca\/wp-content\/uploads\/2020\/09\/unnamed-9-300x111.png","contentUrl":"http:\/\/tortoisepassion.ca\/wp-content\/uploads\/2020\/09\/unnamed-9-300x111.png"},{"@type":"BreadcrumbList","@id":"https:\/\/tortoisepassion.ca\/fr\/paiements-prix-expedition-conditions-generales-de-vente\/#breadcrumb","itemListElement":[{"@type":"ListItem","position":1,"name":"Home","item":"https:\/\/tortoisepassion.ca\/fr\/"},{"@type":"ListItem","position":2,"name":"Paiement et Termes"}]},{"@type":"WebSite","@id":"\/#website","url":"\/","name":"Tortoise Passion","description":"","potentialAction":[{"@type":"SearchAction","target":{"@type":"EntryPoint","urlTemplate":"\/?s={search_term_string}"},"query-input":{"@type":"PropertyValueSpecification","valueRequired":true,"valueName":"search_term_string"}}],"inLanguage":"fr-FR"}]}},"_links":{"self":[{"href":"https:\/\/tortoisepassion.ca\/fr\/wp-json\/wp\/v2\/pages\/6053","targetHints":{"allow":["GET"]}}],"collection":[{"href":"https:\/\/tortoisepassion.ca\/fr\/wp-json\/wp\/v2\/pages"}],"about":[{"href":"https:\/\/tortoisepassion.ca\/fr\/wp-json\/wp\/v2\/types\/page"}],"author":[{"embeddable":true,"href":"https:\/\/tortoisepassion.ca\/fr\/wp-json\/wp\/v2\/users\/1"}],"replies":[{"embeddable":true,"href":"https:\/\/tortoisepassion.ca\/fr\/wp-json\/wp\/v2\/comments?post=6053"}],"version-history":[{"count":4,"href":"https:\/\/tortoisepassion.ca\/fr\/wp-json\/wp\/v2\/pages\/6053\/revisions"}],"predecessor-version":[{"id":6213,"href":"https:\/\/tortoisepassion.ca\/fr\/wp-json\/wp\/v2\/pages\/6053\/revisions\/6213"}],"wp:attachment":[{"href":"https:\/\/tortoisepassion.ca\/fr\/wp-json\/wp\/v2\/media?parent=6053"}],"curies":[{"name":"wp","href":"https:\/\/api.w.org\/{rel}","templated":true}]}}