{"id":6130,"date":"2015-01-16T09:40:55","date_gmt":"2015-01-16T09:40:55","guid":{"rendered":"https:\/\/tortoisepassion.ca\/faq\/"},"modified":"2024-03-20T12:59:57","modified_gmt":"2024-03-20T12:59:57","slug":"faq","status":"publish","type":"page","link":"https:\/\/tortoisepassion.ca\/fr\/faq\/","title":{"rendered":"Q&#038;R"},"content":{"rendered":"<style type=\"text\/css\">#sp-ea-6058 .spcollapsing { height: 0; overflow: hidden; transition-property: height;transition-duration: 300ms;}#sp-ea-6058.sp-easy-accordion>.sp-ea-single {margin-bottom: 10px; border: 1px solid #e2e2e2; }#sp-ea-6058.sp-easy-accordion>.sp-ea-single>.ea-header a {color: #444;}#sp-ea-6058.sp-easy-accordion>.sp-ea-single>.sp-collapse>.ea-body {background: #fff; color: #444;}#sp-ea-6058.sp-easy-accordion>.sp-ea-single {background: #eee;}#sp-ea-6058.sp-easy-accordion>.sp-ea-single>.ea-header a .ea-expand-icon { float: left; color: #444;font-size: 16px;}<\/style><div id=\"sp_easy_accordion-1710359593\"><div id=\"sp-ea-6058\" class=\"sp-ea-one sp-easy-accordion\" data-ea-active=\"ea-click\" data-ea-mode=\"vertical\" data-preloader=\"\" data-scroll-active-item=\"\" data-offset-to-scroll=\"0\"><div class=\"ea-card ea-expand sp-ea-single\"><h3 class=\"ea-header\"><a class=\"collapsed\" id=\"ea-header-60580\" role=\"button\" data-sptoggle=\"spcollapse\" data-sptarget=\"#collapse60580\" aria-controls=\"collapse60580\" href=\"#\" aria-expanded=\"true\" tabindex=\"0\"><i aria-hidden=\"true\" role=\"presentation\" class=\"ea-expand-icon eap-icon-ea-expand-minus\"><\/i> Pouvez-vous livrer n'importe o\u00f9 ?<\/a><\/h3><div class=\"sp-collapse spcollapse collapsed show\" id=\"collapse60580\" data-parent=\"#sp-ea-6058\" role=\"region\" aria-labelledby=\"ea-header-60580\"> <div class=\"ea-body\"><p>Seulement au Canada. Les tortues ne peuvent pas \u00eatre import\u00e9es au Canada ou export\u00e9es hors du Canada.<\/p><\/div><\/div><\/div><div class=\"ea-card sp-ea-single\"><h3 class=\"ea-header\"><a class=\"collapsed\" id=\"ea-header-60581\" role=\"button\" data-sptoggle=\"spcollapse\" data-sptarget=\"#collapse60581\" aria-controls=\"collapse60581\" href=\"#\" aria-expanded=\"false\" tabindex=\"0\"><i aria-hidden=\"true\" role=\"presentation\" class=\"ea-expand-icon eap-icon-ea-expand-plus\"><\/i> Est-ce que l'exp\u00e9dition d'un b\u00e9b\u00e9 tortue est s\u00e9curitaire ?<\/a><\/h3><div class=\"sp-collapse spcollapse \" id=\"collapse60581\" data-parent=\"#sp-ea-6058\" role=\"region\" aria-labelledby=\"ea-header-60581\"> <div class=\"ea-body\"><p>Oui, c'est tr\u00e8s s\u00e9curitaire, c'est une livraison rapide pour le lendemain et tr\u00e8s bien surveill\u00e9e.<\/p><\/div><\/div><\/div><div class=\"ea-card sp-ea-single\"><h3 class=\"ea-header\"><a class=\"collapsed\" id=\"ea-header-60582\" role=\"button\" data-sptoggle=\"spcollapse\" data-sptarget=\"#collapse60582\" aria-controls=\"collapse60582\" href=\"#\" aria-expanded=\"false\" tabindex=\"0\"><i aria-hidden=\"true\" role=\"presentation\" class=\"ea-expand-icon eap-icon-ea-expand-plus\"><\/i> Quelles sont les esp\u00e8ces disponibles \u00e0 la vente ?<\/a><\/h3><div class=\"sp-collapse spcollapse \" id=\"collapse60582\" data-parent=\"#sp-ea-6058\" role=\"region\" aria-labelledby=\"ea-header-60582\"> <div class=\"ea-body\"><p>Je ne vends que des b\u00e9b\u00e9s produits par mes propres tortues pr\u00e9sent\u00e9es sur mon site web.<\/p><\/div><\/div><\/div><div class=\"ea-card sp-ea-single\"><h3 class=\"ea-header\"><a class=\"collapsed\" id=\"ea-header-60583\" role=\"button\" data-sptoggle=\"spcollapse\" data-sptarget=\"#collapse60583\" aria-controls=\"collapse60583\" href=\"#\" aria-expanded=\"false\" tabindex=\"0\"><i aria-hidden=\"true\" role=\"presentation\" class=\"ea-expand-icon eap-icon-ea-expand-plus\"><\/i> Avez-vous des tortues adultes \u00e0 vendre ?<\/a><\/h3><div class=\"sp-collapse spcollapse \" id=\"collapse60583\" data-parent=\"#sp-ea-6058\" role=\"region\" aria-labelledby=\"ea-header-60583\"> <div class=\"ea-body\"><p>Non, les adultes sont mes propres animaux de compagnie, je ne vends que les b\u00e9b\u00e9s qui en sont issus.<\/p><\/div><\/div><\/div><div class=\"ea-card sp-ea-single\"><h3 class=\"ea-header\"><a class=\"collapsed\" id=\"ea-header-60584\" role=\"button\" data-sptoggle=\"spcollapse\" data-sptarget=\"#collapse60584\" aria-controls=\"collapse60584\" href=\"#\" aria-expanded=\"false\" tabindex=\"0\"><i aria-hidden=\"true\" role=\"presentation\" class=\"ea-expand-icon eap-icon-ea-expand-plus\"><\/i> Vendez-vous des b\u00e9b\u00e9s qui viennent d'\u00e9clore ?<\/a><\/h3><div class=\"sp-collapse spcollapse \" id=\"collapse60584\" data-parent=\"#sp-ea-6058\" role=\"region\" aria-labelledby=\"ea-header-60584\"> <div class=\"ea-body\"><p>Non. Je ne vends les b\u00e9b\u00e9s qu'une fois qu'ils ont un peu grandi et qu'ils ont bien d\u00e9marr\u00e9.... vers l'\u00e2ge de 2 mois.<\/p><\/div><\/div><\/div><div class=\"ea-card sp-ea-single\"><h3 class=\"ea-header\"><a class=\"collapsed\" id=\"ea-header-60585\" role=\"button\" data-sptoggle=\"spcollapse\" data-sptarget=\"#collapse60585\" aria-controls=\"collapse60585\" href=\"#\" aria-expanded=\"false\" tabindex=\"0\"><i aria-hidden=\"true\" role=\"presentation\" class=\"ea-expand-icon eap-icon-ea-expand-plus\"><\/i> Pouvez-vous dire le sexe des b\u00e9b\u00e9s tortues que vous vendez ?<\/a><\/h3><div class=\"sp-collapse spcollapse \" id=\"collapse60585\" data-parent=\"#sp-ea-6058\" role=\"region\" aria-labelledby=\"ea-header-60585\"> <div class=\"ea-body\"><p>Il faut environ 2 ans apr\u00e8s l'\u00e9closion pour \u00eatre s\u00fbr \u00e0 100% du sexe. Je peux parfois deviner plus t\u00f4t, mais je ne peux pas le garantir avec certitude.<\/p><\/div><\/div><\/div><div class=\"ea-card sp-ea-single\"><h3 class=\"ea-header\"><a class=\"collapsed\" id=\"ea-header-60586\" role=\"button\" data-sptoggle=\"spcollapse\" data-sptarget=\"#collapse60586\" aria-controls=\"collapse60586\" href=\"#\" aria-expanded=\"false\" tabindex=\"0\"><i aria-hidden=\"true\" role=\"presentation\" class=\"ea-expand-icon eap-icon-ea-expand-plus\"><\/i> Les tortues font-elles de bons animaux de compagnie ?<\/a><\/h3><div class=\"sp-collapse spcollapse \" id=\"collapse60586\" data-parent=\"#sp-ea-6058\" role=\"region\" aria-labelledby=\"ea-header-60586\"> <div class=\"ea-body\"><p>Oui ! Elles ont chacune leur propre \"personnalit\u00e9\", m\u00eame dans la m\u00eame esp\u00e8ce on peut voir des diff\u00e9rences de personnalit\u00e9,et avec le temps elles deviennent tr\u00e8s sociables ennvers leurs propri\u00e9taires.<\/p><\/div><\/div><\/div><div class=\"ea-card sp-ea-single\"><h3 class=\"ea-header\"><a class=\"collapsed\" id=\"ea-header-60587\" role=\"button\" data-sptoggle=\"spcollapse\" data-sptarget=\"#collapse60587\" aria-controls=\"collapse60587\" href=\"#\" aria-expanded=\"false\" tabindex=\"0\"><i aria-hidden=\"true\" role=\"presentation\" class=\"ea-expand-icon eap-icon-ea-expand-plus\"><\/i> Est-ce s\u00e9curitaire pour les gens de garder des Tortues ? <\/a><\/h3><div class=\"sp-collapse spcollapse \" id=\"collapse60587\" data-parent=\"#sp-ea-6058\" role=\"region\" aria-labelledby=\"ea-header-60587\"> <div class=\"ea-body\"><p>Oui,si comme dans le cas des b\u00e9b\u00e9s que j'offre,n\u00e9s en captivit\u00e9 et \u00e9lev\u00e9 avec une bonne hygiene ,ils n'ont jamais \u00e9t\u00e9 en contact avec des pathog\u00e8nes ou des maladies.<br \/>Ceci \u00e9tant dit, de bonnes pratiques d'hygi\u00e8ne sont toujours obligatoires avec n'importe quel type d'animal de compagnie.<\/p><\/div><\/div><\/div><div class=\"ea-card sp-ea-single\"><h3 class=\"ea-header\"><a class=\"collapsed\" id=\"ea-header-60588\" role=\"button\" data-sptoggle=\"spcollapse\" data-sptarget=\"#collapse60588\" aria-controls=\"collapse60588\" href=\"#\" aria-expanded=\"false\" tabindex=\"0\"><i aria-hidden=\"true\" role=\"presentation\" class=\"ea-expand-icon eap-icon-ea-expand-plus\"><\/i> Peut-on garder des tortues \u00e0 l'int\u00e9rieur ?<\/a><\/h3><div class=\"sp-collapse spcollapse \" id=\"collapse60588\" data-parent=\"#sp-ea-6058\" role=\"region\" aria-labelledby=\"ea-header-60588\"> <div class=\"ea-body\"><p>Oui. Je garde et \u00e9l\u00e8ve surtout des esp\u00e8ces de taille plus petites, donc elles sont plus faciles \u00e0 h\u00e9berger \u00e0 l'int\u00e9rieur dans notre climat, mais toujours avec installations n\u00e9cessaire,un Habitat muni d'\u00e9clairage et chauffage ad\u00e9quats<br \/>En \u00e9t\u00e9, un bel enclos s\u00e9curis\u00e9 ou des excursions \u00e0 l'ext\u00e9rieur pendant les belles journ\u00e9es chaudes sont toujours les bienvenus et b\u00e9n\u00e9fiques.<\/p><\/div><\/div><\/div><div class=\"ea-card sp-ea-single\"><h3 class=\"ea-header\"><a class=\"collapsed\" id=\"ea-header-60589\" role=\"button\" data-sptoggle=\"spcollapse\" data-sptarget=\"#collapse60589\" aria-controls=\"collapse60589\" href=\"#\" aria-expanded=\"false\" tabindex=\"0\"><i aria-hidden=\"true\" role=\"presentation\" class=\"ea-expand-icon eap-icon-ea-expand-plus\"><\/i> Peut-on garder une tortue dans la maison sans habitat, enclos ou terarium ?<\/a><\/h3><div class=\"sp-collapse spcollapse \" id=\"collapse60589\" data-parent=\"#sp-ea-6058\" role=\"region\" aria-labelledby=\"ea-header-60589\"> <div class=\"ea-body\"><p>Non, cela peut \u00eatre dangereux pour la tortue. Une tortue a besoin d'un habitat avec un \u00e9clairage, une chaleur et une humidit\u00e9 contr\u00f4l\u00e9s.<\/p><\/div><\/div><\/div><div class=\"ea-card sp-ea-single\"><h3 class=\"ea-header\"><a class=\"collapsed\" id=\"ea-header-605810\" role=\"button\" data-sptoggle=\"spcollapse\" data-sptarget=\"#collapse605810\" aria-controls=\"collapse605810\" href=\"#\" aria-expanded=\"false\" tabindex=\"0\"><i aria-hidden=\"true\" role=\"presentation\" class=\"ea-expand-icon eap-icon-ea-expand-plus\"><\/i> Les tortues ont-elles besoin d'UVB ?<\/a><\/h3><div class=\"sp-collapse spcollapse \" id=\"collapse605810\" data-parent=\"#sp-ea-6058\" role=\"region\" aria-labelledby=\"ea-header-605810\"> <div class=\"ea-body\"><p>Oui, pour une bonne m\u00e9tabolisation du calcium et un bon d\u00e9veloppement de la carapace et de la structure osseuse. Les reptiles ont besoin d'une lampe UVB ou d'un soleil direct \u00e0 l'ext\u00e9rieur en \u00e9t\u00e9.<br \/>Juste une remarque, les UVB ne passent pas \u00e0 travers le verre.<\/p><\/div><\/div><\/div><div class=\"ea-card sp-ea-single\"><h3 class=\"ea-header\"><a class=\"collapsed\" id=\"ea-header-605811\" role=\"button\" data-sptoggle=\"spcollapse\" data-sptarget=\"#collapse605811\" aria-controls=\"collapse605811\" href=\"#\" aria-expanded=\"false\" tabindex=\"0\"><i aria-hidden=\"true\" role=\"presentation\" class=\"ea-expand-icon eap-icon-ea-expand-plus\"><\/i> Si j'ach\u00e8te une tortue, est-ce que je contribue \u00e0 sa disparition dans la nature ?<\/a><\/h3><div class=\"sp-collapse spcollapse \" id=\"collapse605811\" data-parent=\"#sp-ea-6058\" role=\"region\" aria-labelledby=\"ea-header-605811\"> <div class=\"ea-body\"><p>L'important est d'acheter votre tortue aupr\u00e8s d'une source r\u00e9put\u00e9e qui \u00e9l\u00e8ve et vend des b\u00e9b\u00e9s \u00e9lev\u00e9s en captivit\u00e9, et ce, au Canada !<\/p><p>Afin d'\u00e9viter le commerce malheureux d'animaux captur\u00e9s \u00e0 l'\u00e9tat sauvage, il est \u00e9galement interdit d'introduire des tortues au Canada.<\/p><p>Les animaux captur\u00e9s \u00e0 l'\u00e9tat sauvage ne survivent souvent pas au mauvais voyage et sont le plus souvent infest\u00e9s de parasites et de maladies.<\/p><p>En revanche, l'\u00e9levage d'animaux en captivit\u00e9 pourrait, \u00e0 long terme, contribuer \u00e0 l'avenir de certaines esp\u00e8ces.<\/p><\/div><\/div><\/div><div class=\"ea-card sp-ea-single\"><h3 class=\"ea-header\"><a class=\"collapsed\" id=\"ea-header-605812\" role=\"button\" data-sptoggle=\"spcollapse\" data-sptarget=\"#collapse605812\" aria-controls=\"collapse605812\" href=\"#\" aria-expanded=\"false\" tabindex=\"0\"><i aria-hidden=\"true\" role=\"presentation\" class=\"ea-expand-icon eap-icon-ea-expand-plus\"><\/i> Comment puis-je savoir que vous, votre site web et vos informations sont l\u00e9gitimes ?<\/a><\/h3><div class=\"sp-collapse spcollapse \" id=\"collapse605812\" data-parent=\"#sp-ea-6058\" role=\"region\" aria-labelledby=\"ea-header-605812\"> <div class=\"ea-body\"><p>Oui, soyez s\u00fbr que c'est moi, Yannick Gagn\u00e9 ! Je suis dans l'ouest de l'\u00eele de Montr\u00e9al, Qu\u00e9bec, Canada.<\/p><p>Mon site web est www.tortoisepassion.ca<br \/>Mon courriel est :tortoisepassion@gmail.com<br \/>Je suis bien connu dans la communaut\u00e9 des amateurs de tortues au Canada et je suis \u00e9galement membre des diff\u00e9rents groupes Facebook canadiens sur les tortues.<\/p><p>-Yannick<\/p><\/div><\/div><\/div><\/div><\/div>\n","protected":false},"excerpt":{"rendered":"","protected":false},"author":1,"featured_media":0,"parent":0,"menu_order":0,"comment_status":"closed","ping_status":"closed","template":"","meta":{"footnotes":""},"class_list":["post-6130","page","type-page","status-publish","hentry"],"yoast_head":"<!-- This site is optimized with the Yoast SEO plugin v27.4 - https:\/\/yoast.com\/product\/yoast-seo-wordpress\/ -->\n<title>Q&amp;R - Tortoise Passion<\/title>\n<meta name=\"robots\" content=\"index, follow, max-snippet:-1, max-image-preview:large, max-video-preview:-1\" \/>\n<link rel=\"canonical\" href=\"https:\/\/tortoisepassion.ca\/fr\/faq\/\" \/>\n<meta property=\"og:locale\" content=\"fr_FR\" \/>\n<meta property=\"og:type\" content=\"article\" \/>\n<meta property=\"og:title\" content=\"Q&amp;R - Tortoise Passion\" \/>\n<meta property=\"og:url\" content=\"https:\/\/tortoisepassion.ca\/fr\/faq\/\" \/>\n<meta property=\"og:site_name\" content=\"Tortoise Passion\" \/>\n<meta property=\"article:modified_time\" content=\"2024-03-20T12:59:57+00:00\" \/>\n<meta name=\"twitter:card\" content=\"summary_large_image\" \/>\n<meta name=\"twitter:label1\" content=\"Dur\u00e9e de lecture estim\u00e9e\" \/>\n\t<meta name=\"twitter:data1\" content=\"1 minute\" \/>\n<script type=\"application\/ld+json\" class=\"yoast-schema-graph\">{\"@context\":\"https:\\\/\\\/schema.org\",\"@graph\":[{\"@type\":\"WebPage\",\"@id\":\"https:\\\/\\\/tortoisepassion.ca\\\/fr\\\/faq\\\/\",\"url\":\"https:\\\/\\\/tortoisepassion.ca\\\/fr\\\/faq\\\/\",\"name\":\"Q&R - Tortoise Passion\",\"isPartOf\":{\"@id\":\"\\\/#website\"},\"datePublished\":\"2015-01-16T09:40:55+00:00\",\"dateModified\":\"2024-03-20T12:59:57+00:00\",\"breadcrumb\":{\"@id\":\"https:\\\/\\\/tortoisepassion.ca\\\/fr\\\/faq\\\/#breadcrumb\"},\"inLanguage\":\"fr-FR\",\"potentialAction\":[{\"@type\":\"ReadAction\",\"target\":[\"https:\\\/\\\/tortoisepassion.ca\\\/fr\\\/faq\\\/\"]}]},{\"@type\":\"BreadcrumbList\",\"@id\":\"https:\\\/\\\/tortoisepassion.ca\\\/fr\\\/faq\\\/#breadcrumb\",\"itemListElement\":[{\"@type\":\"ListItem\",\"position\":1,\"name\":\"Home\",\"item\":\"https:\\\/\\\/tortoisepassion.ca\\\/fr\\\/\"},{\"@type\":\"ListItem\",\"position\":2,\"name\":\"Q&#038;R\"}]},{\"@type\":\"WebSite\",\"@id\":\"\\\/#website\",\"url\":\"\\\/\",\"name\":\"Tortoise Passion\",\"description\":\"\",\"potentialAction\":[{\"@type\":\"SearchAction\",\"target\":{\"@type\":\"EntryPoint\",\"urlTemplate\":\"\\\/?s={search_term_string}\"},\"query-input\":{\"@type\":\"PropertyValueSpecification\",\"valueRequired\":true,\"valueName\":\"search_term_string\"}}],\"inLanguage\":\"fr-FR\"}]}<\/script>\n<!-- \/ Yoast SEO plugin. -->","yoast_head_json":{"title":"Q&R - Tortoise Passion","robots":{"index":"index","follow":"follow","max-snippet":"max-snippet:-1","max-image-preview":"max-image-preview:large","max-video-preview":"max-video-preview:-1"},"canonical":"https:\/\/tortoisepassion.ca\/fr\/faq\/","og_locale":"fr_FR","og_type":"article","og_title":"Q&R - Tortoise Passion","og_url":"https:\/\/tortoisepassion.ca\/fr\/faq\/","og_site_name":"Tortoise Passion","article_modified_time":"2024-03-20T12:59:57+00:00","twitter_card":"summary_large_image","twitter_misc":{"Dur\u00e9e de lecture estim\u00e9e":"1 minute"},"schema":{"@context":"https:\/\/schema.org","@graph":[{"@type":"WebPage","@id":"https:\/\/tortoisepassion.ca\/fr\/faq\/","url":"https:\/\/tortoisepassion.ca\/fr\/faq\/","name":"Q&R - Tortoise Passion","isPartOf":{"@id":"\/#website"},"datePublished":"2015-01-16T09:40:55+00:00","dateModified":"2024-03-20T12:59:57+00:00","breadcrumb":{"@id":"https:\/\/tortoisepassion.ca\/fr\/faq\/#breadcrumb"},"inLanguage":"fr-FR","potentialAction":[{"@type":"ReadAction","target":["https:\/\/tortoisepassion.ca\/fr\/faq\/"]}]},{"@type":"BreadcrumbList","@id":"https:\/\/tortoisepassion.ca\/fr\/faq\/#breadcrumb","itemListElement":[{"@type":"ListItem","position":1,"name":"Home","item":"https:\/\/tortoisepassion.ca\/fr\/"},{"@type":"ListItem","position":2,"name":"Q&#038;R"}]},{"@type":"WebSite","@id":"\/#website","url":"\/","name":"Tortoise Passion","description":"","potentialAction":[{"@type":"SearchAction","target":{"@type":"EntryPoint","urlTemplate":"\/?s={search_term_string}"},"query-input":{"@type":"PropertyValueSpecification","valueRequired":true,"valueName":"search_term_string"}}],"inLanguage":"fr-FR"}]}},"_links":{"self":[{"href":"https:\/\/tortoisepassion.ca\/fr\/wp-json\/wp\/v2\/pages\/6130","targetHints":{"allow":["GET"]}}],"collection":[{"href":"https:\/\/tortoisepassion.ca\/fr\/wp-json\/wp\/v2\/pages"}],"about":[{"href":"https:\/\/tortoisepassion.ca\/fr\/wp-json\/wp\/v2\/types\/page"}],"author":[{"embeddable":true,"href":"https:\/\/tortoisepassion.ca\/fr\/wp-json\/wp\/v2\/users\/1"}],"replies":[{"embeddable":true,"href":"https:\/\/tortoisepassion.ca\/fr\/wp-json\/wp\/v2\/comments?post=6130"}],"version-history":[{"count":2,"href":"https:\/\/tortoisepassion.ca\/fr\/wp-json\/wp\/v2\/pages\/6130\/revisions"}],"predecessor-version":[{"id":6132,"href":"https:\/\/tortoisepassion.ca\/fr\/wp-json\/wp\/v2\/pages\/6130\/revisions\/6132"}],"wp:attachment":[{"href":"https:\/\/tortoisepassion.ca\/fr\/wp-json\/wp\/v2\/media?parent=6130"}],"curies":[{"name":"wp","href":"https:\/\/api.w.org\/{rel}","templated":true}]}}